{"id":1505,"date":"2022-11-27T17:06:46","date_gmt":"2022-11-27T16:06:46","guid":{"rendered":"https:\/\/www.grundschule-hambach.de\/?page_id=1505"},"modified":"2023-08-25T12:22:18","modified_gmt":"2023-08-25T11:22:18","slug":"inklusion","status":"publish","type":"page","link":"https:\/\/www.grundschule-hambach.de\/?page_id=1505","title":{"rendered":"Inklusion"},"content":{"rendered":"\n<p>Inklusion und inklusive Beschulung sind wichtige Themen in der Schulentwicklung der vergangenen Jahre.<\/p>\n\n\n\n<p>Eltern kennen ihr Kind am Besten und wissen, was das Kind braucht, um sich gut im (Schul-)Alltag zurechtfinden zu k\u00f6nnen und welche Unterst\u00fctzung und F\u00f6rderma\u00dfnahmen erforderlich sein werden. Im gemeinsamen Gespr\u00e4ch mit den verschiedenen Schulformen k\u00f6nnen Eltern sich vorab informieren und \u00fcberlegen, welche Schule f\u00fcr die (schulische) Entwicklung ihres Kindes hilfreich und f\u00f6rderlich ist. <br><br>Was braucht mein Kind an F\u00f6rderung?<\/p>\n\n\n\n<p>Welche Schule passt zu meinem Kind?<\/p>\n\n\n\n<p>Welche Schule kann mein Kind gut f\u00f6rdern und begleiten?<\/p>\n\n\n\n<p>Wie sind die Voraussetzungen der gew\u00fcnschten Schule?<\/p>\n\n\n\n<p>Welche F\u00f6rderm\u00f6glichkeiten bietet die Schule?<\/p>\n\n\n\n<p>Informationen zur Inklusion finden Sie hier:<\/p>\n\n\n\n<p><a href=\"https:\/\/gemeinsamleben-hessen.de\/de\">https:\/\/gemeinsamleben-hessen.de\/<\/a><\/p>\n\n\n\n<p><\/p>\n\n\n\n<p><\/p>\n","protected":false},"excerpt":{"rendered":"<p>Inklusion und inklusive Beschulung sind wichtige Themen in der Schulentwicklung der vergangenen Jahre. Eltern kennen ihr Kind am Besten und wissen, was das Kind braucht, um sich gut im (Schul-)Alltag zurechtfinden zu k\u00f6nnen und welche Unterst\u00fctzung und F\u00f6rderma\u00dfnahmen erforderlich sein werden. Im gemeinsamen Gespr\u00e4ch mit den verschiedenen Schulformen k\u00f6nnen Eltern sich vorab informieren und \u00fcberlegen, [&hellip;]<\/p>\n","protected":false},"author":2,"featured_media":0,"parent":0,"menu_order":0,"comment_status":"closed","ping_status":"closed","template":"","meta":{"footnotes":""},"class_list":["post-1505","page","type-page","status-publish","hentry"],"_links":{"self":[{"href":"https:\/\/www.grundschule-hambach.de\/index.php?rest_route=\/wp\/v2\/pages\/1505","targetHints":{"allow":["GET"]}}],"collection":[{"href":"https:\/\/www.grundschule-hambach.de\/index.php?rest_route=\/wp\/v2\/pages"}],"about":[{"href":"https:\/\/www.grundschule-hambach.de\/index.php?rest_route=\/wp\/v2\/types\/page"}],"author":[{"embeddable":true,"href":"https:\/\/www.grundschule-hambach.de\/index.php?rest_route=\/wp\/v2\/users\/2"}],"replies":[{"embeddable":true,"href":"https:\/\/www.grundschule-hambach.de\/index.php?rest_route=%2Fwp%2Fv2%2Fcomments&post=1505"}],"version-history":[{"count":6,"href":"https:\/\/www.grundschule-hambach.de\/index.php?rest_route=\/wp\/v2\/pages\/1505\/revisions"}],"predecessor-version":[{"id":1525,"href":"https:\/\/www.grundschule-hambach.de\/index.php?rest_route=\/wp\/v2\/pages\/1505\/revisions\/1525"}],"wp:attachment":[{"href":"https:\/\/www.grundschule-hambach.de\/index.php?rest_route=%2Fwp%2Fv2%2Fmedia&parent=1505"}],"curies":[{"name":"wp","href":"https:\/\/api.w.org\/{rel}","templated":true}]}}