{"id":18,"date":"2009-01-04T22:01:37","date_gmt":"2009-01-04T21:01:37","guid":{"rendered":"http:\/\/www.grundschule-hambach.de\/?page_id=18"},"modified":"2024-09-24T13:08:23","modified_gmt":"2024-09-24T12:08:23","slug":"home","status":"publish","type":"page","link":"https:\/\/www.grundschule-hambach.de\/","title":{"rendered":"Herzlich Willkommen"},"content":{"rendered":"\n<p><\/p>\n\n\n<h3 style=\"text-align: center;\">\u00a0<\/h3>\n<p style=\"text-align: center;\"><em>Wir sind eine kleine Grundschule mit festen \u00d6ffnungszeiten sowie einem t\u00e4glichen Betreuungsangebot im Ganztag Profil 1.<\/em><\/p>\n<p style=\"text-align: center;\">Ab dem Schuljahr 2024 &#8211; 2025 unterrichten wir wieder nach Jahrg\u00e4ngen getrennt.<\/p>\n<p>&nbsp;<\/p>\n<p style=\"text-align: center;\"><strong style=\"font-size: 1rem;\">\u00a0Christophorus &#8211; Schule<br \/><\/strong>Hambacher Tal 122<br \/>64646 Heppenheim<\/p>\n<p style=\"text-align: center;\"><strong><span style=\"text-decoration: underline;\">Telefon:<\/span><br \/><\/strong><strong>06252\/ 75910<\/strong><\/p>\n<p style=\"text-align: center;\"><strong><span style=\"text-decoration: underline;\">E-Mail:<br \/><\/span><\/strong><span style=\"color: #000000;\">christophorus-schule@kreis-bergstrasse.de<\/span><\/p>\n<p style=\"text-align: center;\"><strong><span style=\"text-decoration: underline; color: #000000;\">\u00a0\u00d6ffnungszeiten der Schule:<\/span><\/strong><br \/><span style=\"color: #000000;\"> 7:30 Uhr &#8211; 13:00Uhr<br \/>Betreuungszeit bis 15:00 Uhr<\/span><\/p>\n<p style=\"text-align: center;\"><strong>Sekretariat:<\/strong><\/p>\n<p style=\"text-align: center;\"><span style=\"color: #000000;\">Mo, Di, Mi und Do in der Zeit von 8:oo Uhr &#8211; 11:30 Uhr<br \/>(in den Ferien abweichende B\u00fcrozeiten; \u00a0deshalb nur eingeschr\u00e4nkte Bearbeitungsm\u00f6glichkeiten)<\/span><\/p>\n<p style=\"text-align: center;\"><strong><span style=\"text-decoration: underline; color: #000000;\">Betreuungszeiten t\u00e4glich:<br \/><\/span><\/strong><span style=\"color: #000000;\">7:30 Uhr &#8211; 15.00 Uhr<\/span><\/p>\n<p style=\"text-align: center;\"><span style=\"color: #000000;\">Die regul\u00e4re Betreuungszeit beginnt in der Regel nach Unterrichtsschluss.<\/span><\/p>\n<p style=\"text-align: center;\"><span style=\"color: #000000;\">AG Angebote von 15 bis 16:30 an zwei Tagen in der Woche.<\/span><\/p>\n<p style=\"text-align: center;\"><em>Unser Motto lautet<\/em><br \/><em><span style=\"color: #ff6600;\">&#8222;friedlich, freundlich, langsam, leise&#8220;<br \/><\/span><br \/><\/em><\/p>","protected":false},"excerpt":{"rendered":"<p>\u00a0 Wir sind eine kleine Grundschule mit festen \u00d6ffnungszeiten sowie einem t\u00e4glichen Betreuungsangebot im Ganztag Profil 1. Ab dem Schuljahr 2024 &#8211; 2025 unterrichten wir wieder nach Jahrg\u00e4ngen getrennt. &nbsp; \u00a0Christophorus &#8211; SchuleHambacher Tal 12264646 Heppenheim Telefon:06252\/ 75910 E-Mail:christophorus-schule@kreis-bergstrasse.de \u00a0\u00d6ffnungszeiten der Schule: 7:30 Uhr &#8211; 13:00UhrBetreuungszeit bis 15:00 Uhr Sekretariat: Mo, Di, Mi und Do [&hellip;]<\/p>\n","protected":false},"author":1,"featured_media":0,"parent":0,"menu_order":0,"comment_status":"closed","ping_status":"closed","template":"","meta":{"footnotes":""},"class_list":["post-18","page","type-page","status-publish","hentry"],"_links":{"self":[{"href":"https:\/\/www.grundschule-hambach.de\/index.php?rest_route=\/wp\/v2\/pages\/18","targetHints":{"allow":["GET"]}}],"collection":[{"href":"https:\/\/www.grundschule-hambach.de\/index.php?rest_route=\/wp\/v2\/pages"}],"about":[{"href":"https:\/\/www.grundschule-hambach.de\/index.php?rest_route=\/wp\/v2\/types\/page"}],"author":[{"embeddable":true,"href":"https:\/\/www.grundschule-hambach.de\/index.php?rest_route=\/wp\/v2\/users\/1"}],"replies":[{"embeddable":true,"href":"https:\/\/www.grundschule-hambach.de\/index.php?rest_route=%2Fwp%2Fv2%2Fcomments&post=18"}],"version-history":[{"count":108,"href":"https:\/\/www.grundschule-hambach.de\/index.php?rest_route=\/wp\/v2\/pages\/18\/revisions"}],"predecessor-version":[{"id":1618,"href":"https:\/\/www.grundschule-hambach.de\/index.php?rest_route=\/wp\/v2\/pages\/18\/revisions\/1618"}],"wp:attachment":[{"href":"https:\/\/www.grundschule-hambach.de\/index.php?rest_route=%2Fwp%2Fv2%2Fmedia&parent=18"}],"curies":[{"name":"wp","href":"https:\/\/api.w.org\/{rel}","templated":true}]}}