{"id":228,"date":"2010-03-06T14:34:20","date_gmt":"2010-03-06T13:34:20","guid":{"rendered":"http:\/\/www.grundschule-hambach.de\/?page_id=228"},"modified":"2024-07-31T20:47:44","modified_gmt":"2024-07-31T19:47:44","slug":"der-forderverein","status":"publish","type":"page","link":"https:\/\/www.grundschule-hambach.de\/?page_id=228","title":{"rendered":"Der Freundeskreis der Schule"},"content":{"rendered":"<div>\n<p align=\"justify\"><span style=\"font-family: Arial, serif;\"><a href=\"https:\/\/www.grundschule-hambach.de\/wp-content\/uploads\/2010\/03\/Freundeskreis-LOGO-3.jpg\"><img loading=\"lazy\" decoding=\"async\" class=\"aligncenter wp-image-713 size-full\" src=\"https:\/\/www.grundschule-hambach.de\/wp-content\/uploads\/2010\/03\/Freundeskreis-LOGO-3.jpg\" alt=\"Freundeskreis LOGO-3\" width=\"447\" height=\"441\" \/><\/a><\/span><\/p>\n<p align=\"justify\"><span style=\"font-family: Arial, serif;\">Wir sind stolz darauf, einen t\u00fcchtigen und lange bestehenden F\u00f6rderverein zu haben. Der Freundeskreis wurde im Jahr 2000 in Heppenheim-Hambach gegr\u00fcndet und unterst\u00fctzt als F\u00f6rderverein die dort ans\u00e4ssige Christophorus-Grundschule. Der Verein unterst\u00fctzt die Schule in der Durchf\u00fchrung von Projektwochen, Ausfl\u00fcgen und anderen Projekten.<\/span><\/p>\n<p align=\"justify\"><span style=\"font-family: Arial, serif;\">Zudem bietet der Freundeskreis an einigen Tagen zus\u00e4tzliche AG Angebote im Anschluss an die Nachmittagsbetreuung, von 15:00 &#8211; 16:30 Uhr an. Somit haben Sie die M\u00f6glichkeit Ihr Kind bis 16:30 Uhr betreuen zu k\u00f6nnen. Das Angebot der AGs ist abh\u00e4ngig von freiwilligen Anbietern und ist deshalb nicht immer zu gew\u00e4hrleisten.<\/span><\/p>\n<p align=\"justify\">Im Schuljahr 2024-2025 bietet der Freundeskreis die Garten AG und eine Tanz AG an.<\/p>\n<p align=\"justify\">Haben Sie Zeit und Lust und eine Idee eine AG \u00a0anzubieten?<br \/>\nSprechen Sie uns gerne an.<\/p>\n<\/div>\n<div>\n<p align=\"justify\"><span style=\"font-family: Arial, serif;\">Zur Homepage des <a href=\"http:\/\/www.fcs-hambach.de\/\">Freundeskreis der Christophorusschule Hambach<\/a><\/span><\/p>\n<p align=\"justify\">\n<\/div>\n<div><\/div>\n","protected":false},"excerpt":{"rendered":"<p>Wir sind stolz darauf, einen t\u00fcchtigen und lange bestehenden F\u00f6rderverein zu haben. Der Freundeskreis wurde im Jahr 2000 in Heppenheim-Hambach gegr\u00fcndet und unterst\u00fctzt als F\u00f6rderverein die dort ans\u00e4ssige Christophorus-Grundschule. Der Verein unterst\u00fctzt die Schule in der Durchf\u00fchrung von Projektwochen, Ausfl\u00fcgen und anderen Projekten. Zudem bietet der Freundeskreis an einigen Tagen zus\u00e4tzliche AG Angebote im Anschluss [&hellip;]<\/p>\n","protected":false},"author":2,"featured_media":0,"parent":0,"menu_order":0,"comment_status":"closed","ping_status":"open","template":"","meta":{"footnotes":""},"class_list":["post-228","page","type-page","status-publish","hentry"],"_links":{"self":[{"href":"https:\/\/www.grundschule-hambach.de\/index.php?rest_route=\/wp\/v2\/pages\/228","targetHints":{"allow":["GET"]}}],"collection":[{"href":"https:\/\/www.grundschule-hambach.de\/index.php?rest_route=\/wp\/v2\/pages"}],"about":[{"href":"https:\/\/www.grundschule-hambach.de\/index.php?rest_route=\/wp\/v2\/types\/page"}],"author":[{"embeddable":true,"href":"https:\/\/www.grundschule-hambach.de\/index.php?rest_route=\/wp\/v2\/users\/2"}],"replies":[{"embeddable":true,"href":"https:\/\/www.grundschule-hambach.de\/index.php?rest_route=%2Fwp%2Fv2%2Fcomments&post=228"}],"version-history":[{"count":28,"href":"https:\/\/www.grundschule-hambach.de\/index.php?rest_route=\/wp\/v2\/pages\/228\/revisions"}],"predecessor-version":[{"id":1599,"href":"https:\/\/www.grundschule-hambach.de\/index.php?rest_route=\/wp\/v2\/pages\/228\/revisions\/1599"}],"wp:attachment":[{"href":"https:\/\/www.grundschule-hambach.de\/index.php?rest_route=%2Fwp%2Fv2%2Fmedia&parent=228"}],"curies":[{"name":"wp","href":"https:\/\/api.w.org\/{rel}","templated":true}]}}