{"id":478,"date":"2012-04-14T21:32:34","date_gmt":"2012-04-14T20:32:34","guid":{"rendered":"http:\/\/www.grundschule-hambach.de\/?page_id=478"},"modified":"2024-03-10T00:50:16","modified_gmt":"2024-03-09T23:50:16","slug":"kooperation-und-termine","status":"publish","type":"page","link":"https:\/\/www.grundschule-hambach.de\/?page_id=478","title":{"rendered":"Heppenheimer Tandem"},"content":{"rendered":"<p><strong>Zusammenarbeit Kindergarten<\/strong><\/p>\n<p>Um Kindern und Eltern den \u00dcbergang vom Kindergarten in die Schule so angenehm und sorgenfrei wie m\u00f6glich zu gestalten, stehen die Teams der Kinderg\u00e4rten mit den Lehrern unserer Schule in regelm\u00e4\u00dfigem \u00a0Austausch miteinander. Hierbei werden\u00a0neben inhaltlichen und p\u00e4dagogischen\u00a0Fragen auch \u00a0gemeinsame Veranstaltungen f\u00fcr zuk\u00fcnftige Schulkinder\/SCHUKIS geplant.<\/p>\n<p>Es finden auch einvernehmlich Gespr\u00e4che mit Eltern, Erzieher und Schulleitung statt, wenn bei Eltern angehender Schulkinder Unsicherheiten bez\u00fcglich der Schulreife bestehen. So k\u00f6nnen wir gemeinsam beraten, was Ihr Kind braucht, um ihm den \u00dcbergang in die Schule zu erleichtern. Vorbeugende Ma\u00dfnahmen k\u00f6nnen fr\u00fchzeitig eingeleitet werden (z.B. Logop\u00e4die o.\u00e4.)<\/p>\n<p>In den letzten Jahren haben wir noch enger zusammengearbeitet, um Sie als Eltern noch besser beraten zu k\u00f6nnen, wenn der Schulwechsel ansteht. Dazu hospitieren Lehrkr\u00e4fte unserer Schule im Kindergarten und lernen Ihre Kinder schon ein bisschen in deren vertrauten Umgebung kennen. Gleichzeitig lernen die Kinder bereits Lehrkr\u00e4fte kennen, bevor sie in die Schule kommen.<\/p>\n<p>Es finden \u00fcber das Schuljahr verteilt gemeinsame Aktivit\u00e4ten mit den Schukis und der Schule statt.<\/p>\n<p><strong>Die Einladungen zu den Veranstaltungen erfolgen rechtzeitig per Elternbrief !<br \/>\n<\/strong><\/p>\n","protected":false},"excerpt":{"rendered":"<p>Zusammenarbeit Kindergarten Um Kindern und Eltern den \u00dcbergang vom Kindergarten in die Schule so angenehm und sorgenfrei wie m\u00f6glich zu gestalten, stehen die Teams der Kinderg\u00e4rten mit den Lehrern unserer Schule in regelm\u00e4\u00dfigem \u00a0Austausch miteinander. Hierbei werden\u00a0neben inhaltlichen und p\u00e4dagogischen\u00a0Fragen auch \u00a0gemeinsame Veranstaltungen f\u00fcr zuk\u00fcnftige Schulkinder\/SCHUKIS geplant. Es finden auch einvernehmlich Gespr\u00e4che mit Eltern, Erzieher [&hellip;]<\/p>\n","protected":false},"author":2,"featured_media":0,"parent":0,"menu_order":0,"comment_status":"closed","ping_status":"open","template":"","meta":{"footnotes":""},"class_list":["post-478","page","type-page","status-publish","hentry"],"_links":{"self":[{"href":"https:\/\/www.grundschule-hambach.de\/index.php?rest_route=\/wp\/v2\/pages\/478","targetHints":{"allow":["GET"]}}],"collection":[{"href":"https:\/\/www.grundschule-hambach.de\/index.php?rest_route=\/wp\/v2\/pages"}],"about":[{"href":"https:\/\/www.grundschule-hambach.de\/index.php?rest_route=\/wp\/v2\/types\/page"}],"author":[{"embeddable":true,"href":"https:\/\/www.grundschule-hambach.de\/index.php?rest_route=\/wp\/v2\/users\/2"}],"replies":[{"embeddable":true,"href":"https:\/\/www.grundschule-hambach.de\/index.php?rest_route=%2Fwp%2Fv2%2Fcomments&post=478"}],"version-history":[{"count":31,"href":"https:\/\/www.grundschule-hambach.de\/index.php?rest_route=\/wp\/v2\/pages\/478\/revisions"}],"predecessor-version":[{"id":1570,"href":"https:\/\/www.grundschule-hambach.de\/index.php?rest_route=\/wp\/v2\/pages\/478\/revisions\/1570"}],"wp:attachment":[{"href":"https:\/\/www.grundschule-hambach.de\/index.php?rest_route=%2Fwp%2Fv2%2Fmedia&parent=478"}],"curies":[{"name":"wp","href":"https:\/\/api.w.org\/{rel}","templated":true}]}}