{"id":57,"date":"2009-01-16T11:10:41","date_gmt":"2009-01-16T10:10:41","guid":{"rendered":"http:\/\/www.grundschule-hambach.de\/?page_id=57"},"modified":"2024-08-24T16:00:24","modified_gmt":"2024-08-24T15:00:24","slug":"die-betreuung","status":"publish","type":"page","link":"https:\/\/www.grundschule-hambach.de\/?page_id=57","title":{"rendered":"Sch\u00fclerbetreuung"},"content":{"rendered":"\n<div class=\"wp-block-group\"><div class=\"wp-block-group__inner-container is-layout-flow wp-block-group-is-layout-flow\">\n<figure class=\"wp-block-image size-large is-resized\"><a href=\"https:\/\/www.grundschule-hambach.de\/wp-content\/uploads\/2021\/06\/image-1.png\"><img decoding=\"async\" src=\"https:\/\/www.grundschule-hambach.de\/wp-content\/uploads\/2021\/06\/image-1.png\" alt=\"\" class=\"wp-image-1373\" style=\"width:300px;height:158px\"\/><\/a><figcaption class=\"wp-element-caption\"><a href=\"https:\/\/www.gabibe-ggmbh.de\">https:\/\/www.gabibe-ggmbh.de<\/a><\/figcaption><\/figure>\n\n\n\n<p>Seit dem 1.8.20 sind wir eine Grundschule im Ganztag, mit dem Betreuungsprofil 1.<\/p>\n\n\n\n<p>Unsere Sch\u00fclerbetreuung bietet Ihnen ein t\u00e4gliches Betreuungsangebot von 7:30 &#8211; 15:00 Uhr.<\/p>\n\n\n\n<p>Auch in den Schulferien ist die Betreuung nach Bedarf ge\u00f6ffnet.<\/p>\n\n\n\n<p>Tr\u00e4ger der Betreuung ist GaBiBe (GanztagBildungBetreuung)<\/p>\n<\/div><\/div>\n\n\n<p>&nbsp;<\/p>\n<p>Frau \u00d6znur ist Leiterin der Betreuung und Ihre Ansprechpartnerin an der Schule.<\/p>\n<p>Kontaktdaten: CH-HP@gabibe-ggmbh.de<\/p>\n<p>oder Mobil :\u00a00176 55757835<\/p>\n<p>Wir arbeiten eng zusammen, so findet ein intensiver Austausch zwischen Schulleitung und Betreuungsleitung statt. Zudem gibt es regelm\u00e4\u00dfige Besprechungen zwischen dem Tr\u00e4ger und den Leitungen.<\/p>\n\n\n<p><\/p>\n","protected":false},"excerpt":{"rendered":"<p>Seit dem 1.8.20 sind wir eine Grundschule im Ganztag, mit dem Betreuungsprofil 1. Unsere Sch\u00fclerbetreuung bietet Ihnen ein t\u00e4gliches Betreuungsangebot von 7:30 &#8211; 15:00 Uhr. Auch in den Schulferien ist die Betreuung nach Bedarf ge\u00f6ffnet. Tr\u00e4ger der Betreuung ist GaBiBe (GanztagBildungBetreuung) &nbsp; Frau \u00d6znur ist Leiterin der Betreuung und Ihre Ansprechpartnerin an der Schule. Kontaktdaten: [&hellip;]<\/p>\n","protected":false},"author":2,"featured_media":0,"parent":0,"menu_order":7,"comment_status":"closed","ping_status":"closed","template":"","meta":{"footnotes":""},"class_list":["post-57","page","type-page","status-publish","hentry"],"_links":{"self":[{"href":"https:\/\/www.grundschule-hambach.de\/index.php?rest_route=\/wp\/v2\/pages\/57","targetHints":{"allow":["GET"]}}],"collection":[{"href":"https:\/\/www.grundschule-hambach.de\/index.php?rest_route=\/wp\/v2\/pages"}],"about":[{"href":"https:\/\/www.grundschule-hambach.de\/index.php?rest_route=\/wp\/v2\/types\/page"}],"author":[{"embeddable":true,"href":"https:\/\/www.grundschule-hambach.de\/index.php?rest_route=\/wp\/v2\/users\/2"}],"replies":[{"embeddable":true,"href":"https:\/\/www.grundschule-hambach.de\/index.php?rest_route=%2Fwp%2Fv2%2Fcomments&post=57"}],"version-history":[{"count":46,"href":"https:\/\/www.grundschule-hambach.de\/index.php?rest_route=\/wp\/v2\/pages\/57\/revisions"}],"predecessor-version":[{"id":1626,"href":"https:\/\/www.grundschule-hambach.de\/index.php?rest_route=\/wp\/v2\/pages\/57\/revisions\/1626"}],"wp:attachment":[{"href":"https:\/\/www.grundschule-hambach.de\/index.php?rest_route=%2Fwp%2Fv2%2Fmedia&parent=57"}],"curies":[{"name":"wp","href":"https:\/\/api.w.org\/{rel}","templated":true}]}}