{"id":6,"date":"2009-01-04T21:47:51","date_gmt":"2009-01-04T20:47:51","guid":{"rendered":"http:\/\/www.grundschule-hambach.de\/?page_id=6"},"modified":"2024-07-31T20:56:46","modified_gmt":"2024-07-31T19:56:46","slug":"kollegium","status":"publish","type":"page","link":"https:\/\/www.grundschule-hambach.de\/?page_id=6","title":{"rendered":"Unser Kollegium"},"content":{"rendered":"\n<p>An unserer Schule unterrichten 2024 &#8211; 2025 folgende Lehrkr\u00e4fte:<\/p>\n\n\n\n<ol class=\"wp-block-list\">\n<li>Herr Brendle (Fachlehrer Sport, u.a.)<\/li>\n\n\n\n<li>Frau J\u00e4hrling (F\u00f6rderschullehrerin des BFZ Kirchbergschule Bensheim)<\/li>\n\n\n\n<li>Frau K\u00fchn (Klassenlehrerin und Fachlehrerin Schwimmen)<\/li>\n\n\n\n<li>Frau Massoth (Schulleiterin und Fachlehrerin Mathematik, Deutsch, Sachunterricht)<\/li>\n\n\n\n<li>Frau J. Riedel (Fachlehrerin Sport, u.a.)<\/li>\n\n\n\n<li>Frau M. Riedl (Fachlehrerin Religion)<\/li>\n\n\n\n<li>Frau Strohmenger (Klassenlehrerin und Fachlehrerin Sport\/Schwimmen)<\/li>\n\n\n\n<li>FSJ Frau Selina Fetsch <\/li>\n<\/ol>\n\n\n\n<p>Sprechzeiten der Lehrkr\u00e4fte werden individuell nach R\u00fccksprache vereinbart.<\/p>\n","protected":false},"excerpt":{"rendered":"<p>An unserer Schule unterrichten 2024 &#8211; 2025 folgende Lehrkr\u00e4fte: Sprechzeiten der Lehrkr\u00e4fte werden individuell nach R\u00fccksprache vereinbart.<\/p>\n","protected":false},"author":1,"featured_media":0,"parent":0,"menu_order":1,"comment_status":"closed","ping_status":"closed","template":"","meta":{"footnotes":""},"class_list":["post-6","page","type-page","status-publish","hentry"],"_links":{"self":[{"href":"https:\/\/www.grundschule-hambach.de\/index.php?rest_route=\/wp\/v2\/pages\/6","targetHints":{"allow":["GET"]}}],"collection":[{"href":"https:\/\/www.grundschule-hambach.de\/index.php?rest_route=\/wp\/v2\/pages"}],"about":[{"href":"https:\/\/www.grundschule-hambach.de\/index.php?rest_route=\/wp\/v2\/types\/page"}],"author":[{"embeddable":true,"href":"https:\/\/www.grundschule-hambach.de\/index.php?rest_route=\/wp\/v2\/users\/1"}],"replies":[{"embeddable":true,"href":"https:\/\/www.grundschule-hambach.de\/index.php?rest_route=%2Fwp%2Fv2%2Fcomments&post=6"}],"version-history":[{"count":54,"href":"https:\/\/www.grundschule-hambach.de\/index.php?rest_route=\/wp\/v2\/pages\/6\/revisions"}],"predecessor-version":[{"id":1605,"href":"https:\/\/www.grundschule-hambach.de\/index.php?rest_route=\/wp\/v2\/pages\/6\/revisions\/1605"}],"wp:attachment":[{"href":"https:\/\/www.grundschule-hambach.de\/index.php?rest_route=%2Fwp%2Fv2%2Fmedia&parent=6"}],"curies":[{"name":"wp","href":"https:\/\/api.w.org\/{rel}","templated":true}]}}