{"id":907,"date":"2017-05-01T20:40:03","date_gmt":"2017-05-01T19:40:03","guid":{"rendered":"http:\/\/www.grundschule-hambach.de\/?page_id=907"},"modified":"2024-07-31T20:53:57","modified_gmt":"2024-07-31T19:53:57","slug":"wichtige-informationen-fuer-eltern","status":"publish","type":"page","link":"https:\/\/www.grundschule-hambach.de\/?page_id=907","title":{"rendered":"Kurz und Knapp"},"content":{"rendered":"<p>Allgemeines zum Schulalltag<\/p>\n<p><span style=\"color: #ff0000;\"><span style=\"font-size: inherit; color: #191e23;\">Liebe Eltern,<\/span><br \/>\n<\/span><\/p>\n<p style=\"text-align: left;\"><span style=\"color: #000000;\"><span style=\"color: #0000ff;\">Durch die festen\u00a0\u00d6ffnungszeiten ist die Betreuung f\u00fcr Ihr Kind w\u00e4hrend der regul\u00e4ren Unterrichtszeit (Stundenplan des Kindes) gew\u00e4hrleistet.<\/span><\/span><\/p>\n<p><span style=\"color: #0000ff;\"><span style=\"color: #000000;\">Unterrichtsausfall kann m\u00f6glich sein, wenn wir eine Vertretung nicht einrichten k\u00f6nnen.<br \/>\nDas sind Ausnahmen und Sie werden dar\u00fcber informiert.<\/span><\/span><\/p>\n<p><span style=\"color: #0000ff;\">Spontaner Unterrichtsausfall kann notwendig sein, wenn&#8230;<br \/>\n<\/span>&#8211; Lehrkr\u00e4fte erkranken und Vertretungskr\u00e4fte fehlen<br \/>\n&#8211; ung\u00fcnstige Wetterprognosen (Sturmwarnungen, Gefahrenlage durch Unwetter)<\/p>\n<p><span style=\"color: #0000ff;\"><strong>Elternbriefe<\/strong><\/span><br \/>\nDie Schule oder die Klassenlehrerinnen informieren Sie \u00fcber wichtige Termine oder geplante Ereignisse mittels Elternbriefe. Bitte lesen Sie unsere <em><span style=\"color: #000000;\">Elternbriefe<\/span> <\/em>aufmerksam und <strong>notieren Sie wichtige Termine zeitnah in Ihren Kalender<\/strong>.<\/p>\n<p style=\"text-align: left;\">Zum neuen Schuljahr erhalten Sie einen gro\u00dfen Elternbrief. Dieser gilt f\u00fcr alle Klassen und <strong><em>enth\u00e4lt alle wichtigen Termine und Ereignisse f\u00fcr alle Sch\u00fcler \u00fcber das Jahr verteilt.<\/em><br \/>\n<\/strong>Der<em> Elternbrief wird zus\u00e4tzlich am Schwarzen Brett\u00a0<\/em>aush\u00e4ngen.\u00a0<strong>Klasseninterne Informationen<\/strong> erhalten Sie in der Regel <strong>\u00fcber den jeweiligen Klassenlehrer<\/strong>.<br \/>\nSie betreffen nur die Klasse Ihres Kindes.<\/p>\n<p style=\"text-align: left;\"><span style=\"color: #0000ff;\"><strong>Wichtige Antworten auf Ihre Fragen!<\/strong><\/span><br \/>\n1. Bei Fragen und Unklarheiten bitte immer den <strong>Klassenlehrer\/Fachlehrer direkt kontaktieren<\/strong>!<br \/>\n2. <strong>Termine f\u00fcr Gespr\u00e4che<\/strong> bitte \u00fcber das Mitteilungsheft oder das Sekratariat der Schule <strong>vereinbaren<\/strong>!<br \/>\n3. <strong>Gespr\u00e4che vor und nach dem Unterricht sind nicht m\u00f6glich!<\/strong><br \/>\nWir m\u00f6chten uns f\u00fcr Ihre Anliegen Zeit nehmen k\u00f6nnen!<br \/>\n4. <strong>Beurlaubungen<\/strong> vor oder nach den <strong>Ferien<\/strong> m\u00fcssen von der Schulleitung genehmigt werden!<br \/>\nDazu m\u00fcssen Sie im Sekretariat <strong>einen Antrag stellen<\/strong> und diesen 6 Wochen vor Beginn der Reise abgeben!<br \/>\n5. <strong>Eltern d\u00fcrfen ihre Kinder bis zum Hoftor<\/strong> <strong>begleiten!<br \/>\n<\/strong>6. <strong>Religionsunterricht<\/strong>: Bei der Schulanmeldung Ihres Kindes geben Sie an, ob Ihr Kind am Religionsunterricht teilnimmt oder nicht. Bitte sprechen Sie mit dem Klassenlehrer dar\u00fcber, ob Ihr Kind bei Nichtteilnahme am Religionsunterricht betreut werden soll oder nach Hause gehen darf (nur in Randstunden m\u00f6glich).<br \/>\n7. <strong>Die Schulgottesdienste: <\/strong>Es findet der Einschulungsgottesdienst f\u00fcr alle Kinder statt.<br \/>\nDie Teilnahme ist f\u00fcr Kinder und Lehrkr\u00e4fte freiwillig!<br \/>\nDie Eltern m\u00fcssen der Schule mitteilen, wenn eine Teilnahme nicht gew\u00fcnscht ist.<br \/>\n9. <strong>Elternabende<\/strong> informieren Sie \u00fcber wichtige Termine und Ideen; die jeweilige Klasse aber auch die Schule\u00a0betreffend. Der Elternabend wird von den Elternbeir\u00e4ten geplant und durchgef\u00fchrt.<\/p>\n<p style=\"text-align: left;\">\n","protected":false},"excerpt":{"rendered":"<p>Allgemeines zum Schulalltag Liebe Eltern, Durch die festen\u00a0\u00d6ffnungszeiten ist die Betreuung f\u00fcr Ihr Kind w\u00e4hrend der regul\u00e4ren Unterrichtszeit (Stundenplan des Kindes) gew\u00e4hrleistet. Unterrichtsausfall kann m\u00f6glich sein, wenn wir eine Vertretung nicht einrichten k\u00f6nnen. Das sind Ausnahmen und Sie werden dar\u00fcber informiert. Spontaner Unterrichtsausfall kann notwendig sein, wenn&#8230; &#8211; Lehrkr\u00e4fte erkranken und Vertretungskr\u00e4fte fehlen &#8211; ung\u00fcnstige [&hellip;]<\/p>\n","protected":false},"author":2,"featured_media":0,"parent":0,"menu_order":1,"comment_status":"closed","ping_status":"closed","template":"","meta":{"footnotes":""},"class_list":["post-907","page","type-page","status-publish","hentry"],"_links":{"self":[{"href":"https:\/\/www.grundschule-hambach.de\/index.php?rest_route=\/wp\/v2\/pages\/907","targetHints":{"allow":["GET"]}}],"collection":[{"href":"https:\/\/www.grundschule-hambach.de\/index.php?rest_route=\/wp\/v2\/pages"}],"about":[{"href":"https:\/\/www.grundschule-hambach.de\/index.php?rest_route=\/wp\/v2\/types\/page"}],"author":[{"embeddable":true,"href":"https:\/\/www.grundschule-hambach.de\/index.php?rest_route=\/wp\/v2\/users\/2"}],"replies":[{"embeddable":true,"href":"https:\/\/www.grundschule-hambach.de\/index.php?rest_route=%2Fwp%2Fv2%2Fcomments&post=907"}],"version-history":[{"count":33,"href":"https:\/\/www.grundschule-hambach.de\/index.php?rest_route=\/wp\/v2\/pages\/907\/revisions"}],"predecessor-version":[{"id":1602,"href":"https:\/\/www.grundschule-hambach.de\/index.php?rest_route=\/wp\/v2\/pages\/907\/revisions\/1602"}],"wp:attachment":[{"href":"https:\/\/www.grundschule-hambach.de\/index.php?rest_route=%2Fwp%2Fv2%2Fmedia&parent=907"}],"curies":[{"name":"wp","href":"https:\/\/api.w.org\/{rel}","templated":true}]}}